{"id":1353,"date":"2022-10-27T09:03:46","date_gmt":"2022-10-27T07:03:46","guid":{"rendered":"https:\/\/www.klapphagen.se\/?page_id=1353"},"modified":"2024-02-21T16:35:07","modified_gmt":"2024-02-21T15:35:07","slug":"konferens","status":"publish","type":"page","link":"https:\/\/www.klapphagen.se\/en\/event\/conference\/","title":{"rendered":"Conference"},"content":{"rendered":"<div class=\"wpb-content-wrapper\"><p>[vc_row full_width=&#8221;stretch_row&#8221; content_placement=&#8221;middle&#8221; woodmart_bg_position=&#8221;center-center&#8221; css=&#8221;.vc_custom_1708529675121{background-image: url(https:\/\/www.klapphagen.se\/wp-content\/uploads\/2022\/10\/klapphagen-207-webb.jpg?id=37) !important;background-position: center !important;background-repeat: no-repeat !important;background-size: cover !important;}&#8221; woodmart_css_id=&#8221;65d61801ea312&#8243; responsive_spacing=&#8221;eyJwYXJhbV90eXBlIjoid29vZG1hcnRfcmVzcG9uc2l2ZV9zcGFjaW5nIiwic2VsZWN0b3JfaWQiOiI2NWQ2MTgwMWVhMzEyIiwic2hvcnRjb2RlIjoidmNfcm93IiwiZGF0YSI6eyJ0YWJsZXQiOnt9LCJtb2JpbGUiOnt9fX0=&#8221; mobile_bg_img_hidden=&#8221;no&#8221; tablet_bg_img_hidden=&#8221;no&#8221; woodmart_parallax=&#8221;0&#8243; woodmart_gradient_switch=&#8221;yes&#8221; woodmart_box_shadow=&#8221;no&#8221; wd_z_index=&#8221;no&#8221; woodmart_disable_overflow=&#8221;0&#8243; row_reverse_mobile=&#8221;0&#8243; row_reverse_tablet=&#8221;0&#8243; woodmart_color_gradient=&#8221;rgba(0, 0, 0, 0.6)-0\/rgba(0, 0, 0, 0)-100\/|linear-gradient(top , rgba(0, 0, 0, 0.6) , rgba(0, 0, 0, 0) 100%)|linear|top&#8221;][vc_column css=&#8221;.vc_custom_1668431416112{padding-top: 20% !important;padding-bottom: 15% !important;}&#8221; woodmart_css_id=&#8221;63723df9cc53c&#8221; parallax_scroll=&#8221;no&#8221; woodmart_sticky_column=&#8221;false&#8221; wd_collapsible_content_switcher=&#8221;no&#8221; wd_column_role_offcanvas_desktop=&#8221;no&#8221; wd_column_role_offcanvas_tablet=&#8221;no&#8221; wd_column_role_offcanvas_mobile=&#8221;no&#8221; wd_column_role_content_desktop=&#8221;no&#8221; wd_column_role_content_tablet=&#8221;no&#8221; wd_column_role_content_mobile=&#8221;no&#8221; mobile_bg_img_hidden=&#8221;no&#8221; tablet_bg_img_hidden=&#8221;no&#8221; woodmart_parallax=&#8221;0&#8243; woodmart_box_shadow=&#8221;no&#8221; responsive_spacing=&#8221;eyJwYXJhbV90eXBlIjoid29vZG1hcnRfcmVzcG9uc2l2ZV9zcGFjaW5nIiwic2VsZWN0b3JfaWQiOiI2MzcyM2RmOWNjNTNjIiwic2hvcnRjb2RlIjoidmNfY29sdW1uIiwiZGF0YSI6eyJ0YWJsZXQiOnsicGFkZGluZy10b3AiOiIzMCUiLCJwYWRkaW5nLWJvdHRvbSI6IjE1JSJ9LCJtb2JpbGUiOnsicGFkZGluZy10b3AiOiI0MCUiLCJwYWRkaW5nLWJvdHRvbSI6IjE1JSJ9fX0=&#8221; mobile_reset_margin=&#8221;no&#8221; tablet_reset_margin=&#8221;no&#8221; wd_z_index=&#8221;no&#8221;]\n\t\t<div id=\"wd-63887b9524e66\" class=\"title-wrapper wd-wpb wd-set-mb reset-last-child  wd-rs-63887b9524e66 wd-title-color-default wd-title-style-default text-center vc_custom_1669888922297 wd-underline-colored\">\n\t\t\t\n\t\t\t<div class=\"liner-continer\">\n\t\t\t\t<h1 class=\"woodmart-title-container title  wd-font-weight- wd-fontsize-xxxl\" >Conference<\/h1>\n\t\t\t\t\t\t\t<\/div>\n\t\t\t\n\t\t\t\n\t\t\t\n\t\t<\/div>\n\t\t\n\t\t[\/vc_column][\/vc_row][vc_row full_width=&#8221;stretch_row_content_no_spaces&#8221; equal_height=&#8221;yes&#8221; content_placement=&#8221;middle&#8221; woodmart_css_id=&#8221;6391ec6a120f5&#8243; responsive_spacing=&#8221;eyJwYXJhbV90eXBlIjoid29vZG1hcnRfcmVzcG9uc2l2ZV9zcGFjaW5nIiwic2VsZWN0b3JfaWQiOiI2MzkxZWM2YTEyMGY1Iiwic2hvcnRjb2RlIjoidmNfcm93IiwiZGF0YSI6eyJ0YWJsZXQiOnt9LCJtb2JpbGUiOnt9fX0=&#8221; mobile_bg_img_hidden=&#8221;no&#8221; tablet_bg_img_hidden=&#8221;no&#8221; woodmart_parallax=&#8221;0&#8243; woodmart_gradient_switch=&#8221;no&#8221; woodmart_box_shadow=&#8221;no&#8221; wd_z_index=&#8221;no&#8221; woodmart_disable_overflow=&#8221;0&#8243; row_reverse_mobile=&#8221;0&#8243; row_reverse_tablet=&#8221;0&#8243;][vc_column width=&#8221;1\/2&#8243; woodmart_bg_position=&#8221;center-center&#8221; css=&#8221;.vc_custom_1708529657453{padding-top: 25vh !important;padding-right: 0px !important;padding-bottom: 25vh !important;padding-left: 0px !important;background-image: url(https:\/\/www.klapphagen.se\/wp-content\/uploads\/2024\/01\/Klapphagen_1-Photo-Cred-Krisitna-Gillerstedt-scaled.jpg?id=3820) !important;background-position: center !important;background-repeat: no-repeat !important;background-size: cover !important;}&#8221; woodmart_css_id=&#8221;65d617caa8147&#8243; parallax_scroll=&#8221;no&#8221; woodmart_sticky_column=&#8221;false&#8221; wd_collapsible_content_switcher=&#8221;no&#8221; wd_column_role_offcanvas_desktop=&#8221;no&#8221; wd_column_role_offcanvas_tablet=&#8221;no&#8221; wd_column_role_offcanvas_mobile=&#8221;no&#8221; wd_column_role_content_desktop=&#8221;no&#8221; wd_column_role_content_tablet=&#8221;no&#8221; wd_column_role_content_mobile=&#8221;no&#8221; mobile_bg_img_hidden=&#8221;no&#8221; tablet_bg_img_hidden=&#8221;no&#8221; woodmart_parallax=&#8221;0&#8243; woodmart_box_shadow=&#8221;no&#8221; responsive_spacing=&#8221;eyJwYXJhbV90eXBlIjoid29vZG1hcnRfcmVzcG9uc2l2ZV9zcGFjaW5nIiwic2VsZWN0b3JfaWQiOiI2NWQ2MTdjYWE4MTQ3Iiwic2hvcnRjb2RlIjoidmNfY29sdW1uIiwiZGF0YSI6eyJ0YWJsZXQiOnt9LCJtb2JpbGUiOnt9fX0=&#8221; mobile_reset_margin=&#8221;no&#8221; tablet_reset_margin=&#8221;no&#8221; wd_z_index=&#8221;no&#8221;][\/vc_column][vc_column width=&#8221;1\/2&#8243; woodmart_bg_position=&#8221;center-center&#8221; css=&#8221;.vc_custom_1666859045805{padding-top: 8% !important;padding-right: 8% !important;padding-bottom: 8% !important;padding-left: 8% !important;background-position: center !important;background-repeat: no-repeat !important;background-size: cover !important;}&#8221; woodmart_css_id=&#8221;635a40230b0fb&#8221; parallax_scroll=&#8221;no&#8221; woodmart_sticky_column=&#8221;false&#8221; wd_collapsible_content_switcher=&#8221;no&#8221; wd_column_role_offcanvas_desktop=&#8221;no&#8221; wd_column_role_offcanvas_tablet=&#8221;no&#8221; wd_column_role_offcanvas_mobile=&#8221;no&#8221; wd_column_role_content_desktop=&#8221;no&#8221; wd_column_role_content_tablet=&#8221;no&#8221; wd_column_role_content_mobile=&#8221;no&#8221; mobile_bg_img_hidden=&#8221;no&#8221; tablet_bg_img_hidden=&#8221;no&#8221; woodmart_parallax=&#8221;0&#8243; woodmart_box_shadow=&#8221;no&#8221; responsive_spacing=&#8221;eyJwYXJhbV90eXBlIjoid29vZG1hcnRfcmVzcG9uc2l2ZV9zcGFjaW5nIiwic2VsZWN0b3JfaWQiOiI2MzVhNDAyMzBiMGZiIiwic2hvcnRjb2RlIjoidmNfY29sdW1uIiwiZGF0YSI6eyJ0YWJsZXQiOnt9LCJtb2JpbGUiOnt9fX0=&#8221; mobile_reset_margin=&#8221;no&#8221; tablet_reset_margin=&#8221;no&#8221; wd_z_index=&#8221;no&#8221;][vc_row_inner][vc_column_inner woodmart_text_align=&#8221;left&#8221; css=&#8221;.vc_custom_1669888940371{padding-top: 60px !important;padding-right: 60px !important;padding-bottom: 60px !important;padding-left: 60px !important;background-color: #ffffff !important;}&#8221; woodmart_css_id=&#8221;63887ba9db5a4&#8243; parallax_scroll=&#8221;no&#8221; woodmart_sticky_column=&#8221;false&#8221; wd_collapsible_content_switcher=&#8221;no&#8221; wd_column_role_offcanvas_desktop=&#8221;no&#8221; wd_column_role_offcanvas_tablet=&#8221;no&#8221; wd_column_role_offcanvas_mobile=&#8221;no&#8221; wd_column_role_content_desktop=&#8221;no&#8221; wd_column_role_content_tablet=&#8221;no&#8221; wd_column_role_content_mobile=&#8221;no&#8221; mobile_bg_img_hidden=&#8221;no&#8221; tablet_bg_img_hidden=&#8221;no&#8221; woodmart_parallax=&#8221;0&#8243; woodmart_box_shadow=&#8221;no&#8221; responsive_spacing=&#8221;eyJwYXJhbV90eXBlIjoid29vZG1hcnRfcmVzcG9uc2l2ZV9zcGFjaW5nIiwic2VsZWN0b3JfaWQiOiI2Mzg4N2JhOWRiNWE0Iiwic2hvcnRjb2RlIjoidmNfY29sdW1uX2lubmVyIiwiZGF0YSI6eyJ0YWJsZXQiOnt9LCJtb2JpbGUiOnsicGFkZGluZy10b3AiOiIzMHB4IiwicGFkZGluZy1yaWdodCI6IjMwcHgiLCJwYWRkaW5nLWJvdHRvbSI6IjMwcHgiLCJwYWRkaW5nLWxlZnQiOiIzMHB4In19fQ==&#8221; wd_z_index=&#8221;no&#8221;][vc_column_text css=&#8221;.vc_custom_1708529578607{margin-bottom: 25px !important;}&#8221; woodmart_inline=&#8221;no&#8221; text_larger=&#8221;no&#8221;]<strong>Host your next meeting or conference at Kl\u00e4phagen.<\/strong><br \/>\n<strong>We offer a relaxed environment in a stunning nature.<\/strong><br \/>\nYou find us strategic located on Sydkoster, close to everything.<br \/>\nHere there is time for relaxation and wonderful activities, relax by the fireplace in a pleasant environment and listen to the crackling of the fire. Brave the autumn storm with a dip in Sweden&#8217;s saltiest water. Let the fire warm you while we let the fire prepare you a delicious dinner.<br \/>\nWith us, you can enjoy all the year round with everything our seasons have to offer.<br \/>\nHold a conference in our beautiful premises, or at one of our partners on the island.<br \/>\nKoster is the perfect place to hold a conference.[\/vc_column_text][\/vc_column_inner][\/vc_row_inner][\/vc_column][\/vc_row][vc_row full_width=&#8221;stretch_row_content_no_spaces&#8221; equal_height=&#8221;yes&#8221; content_placement=&#8221;middle&#8221; woodmart_css_id=&#8221;6391eb88e1c8c&#8221; responsive_spacing=&#8221;eyJwYXJhbV90eXBlIjoid29vZG1hcnRfcmVzcG9uc2l2ZV9zcGFjaW5nIiwic2VsZWN0b3JfaWQiOiI2MzkxZWI4OGUxYzhjIiwic2hvcnRjb2RlIjoidmNfcm93IiwiZGF0YSI6eyJ0YWJsZXQiOnt9LCJtb2JpbGUiOnt9fX0=&#8221; mobile_bg_img_hidden=&#8221;no&#8221; tablet_bg_img_hidden=&#8221;no&#8221; woodmart_parallax=&#8221;0&#8243; woodmart_gradient_switch=&#8221;no&#8221; woodmart_box_shadow=&#8221;no&#8221; wd_z_index=&#8221;no&#8221; woodmart_disable_overflow=&#8221;0&#8243; row_reverse_mobile=&#8221;1&#8243; row_reverse_tablet=&#8221;0&#8243;][vc_column width=&#8221;1\/2&#8243; woodmart_bg_position=&#8221;center-center&#8221; css=&#8221;.vc_custom_1666859051164{padding-top: 8% !important;padding-right: 8% !important;padding-bottom: 8% !important;padding-left: 8% !important;background-position: center !important;background-repeat: no-repeat !important;background-size: cover !important;}&#8221; woodmart_css_id=&#8221;635a402854edb&#8221; parallax_scroll=&#8221;no&#8221; woodmart_sticky_column=&#8221;false&#8221; wd_collapsible_content_switcher=&#8221;no&#8221; wd_column_role_offcanvas_desktop=&#8221;no&#8221; wd_column_role_offcanvas_tablet=&#8221;no&#8221; wd_column_role_offcanvas_mobile=&#8221;no&#8221; wd_column_role_content_desktop=&#8221;no&#8221; wd_column_role_content_tablet=&#8221;no&#8221; wd_column_role_content_mobile=&#8221;no&#8221; mobile_bg_img_hidden=&#8221;no&#8221; tablet_bg_img_hidden=&#8221;no&#8221; woodmart_parallax=&#8221;0&#8243; woodmart_box_shadow=&#8221;no&#8221; responsive_spacing=&#8221;eyJwYXJhbV90eXBlIjoid29vZG1hcnRfcmVzcG9uc2l2ZV9zcGFjaW5nIiwic2VsZWN0b3JfaWQiOiI2MzVhNDAyODU0ZWRiIiwic2hvcnRjb2RlIjoidmNfY29sdW1uIiwiZGF0YSI6eyJ0YWJsZXQiOnt9LCJtb2JpbGUiOnt9fX0=&#8221; mobile_reset_margin=&#8221;no&#8221; tablet_reset_margin=&#8221;no&#8221; wd_z_index=&#8221;no&#8221;][vc_row_inner][vc_column_inner woodmart_text_align=&#8221;left&#8221; css=&#8221;.vc_custom_1669888945524{padding-top: 60px !important;padding-right: 60px !important;padding-bottom: 60px !important;padding-left: 60px !important;background-color: #ffffff !important;}&#8221; woodmart_css_id=&#8221;63887bae690d4&#8243; parallax_scroll=&#8221;no&#8221; woodmart_sticky_column=&#8221;false&#8221; wd_collapsible_content_switcher=&#8221;no&#8221; wd_column_role_offcanvas_desktop=&#8221;no&#8221; wd_column_role_offcanvas_tablet=&#8221;no&#8221; wd_column_role_offcanvas_mobile=&#8221;no&#8221; wd_column_role_content_desktop=&#8221;no&#8221; wd_column_role_content_tablet=&#8221;no&#8221; wd_column_role_content_mobile=&#8221;no&#8221; mobile_bg_img_hidden=&#8221;no&#8221; tablet_bg_img_hidden=&#8221;no&#8221; woodmart_parallax=&#8221;0&#8243; woodmart_box_shadow=&#8221;no&#8221; responsive_spacing=&#8221;eyJwYXJhbV90eXBlIjoid29vZG1hcnRfcmVzcG9uc2l2ZV9zcGFjaW5nIiwic2VsZWN0b3JfaWQiOiI2Mzg4N2JhZTY5MGQ0Iiwic2hvcnRjb2RlIjoidmNfY29sdW1uX2lubmVyIiwiZGF0YSI6eyJ0YWJsZXQiOnt9LCJtb2JpbGUiOnsicGFkZGluZy10b3AiOiIzMHB4IiwicGFkZGluZy1yaWdodCI6IjMwcHgiLCJwYWRkaW5nLWJvdHRvbSI6IjMwcHgiLCJwYWRkaW5nLWxlZnQiOiIzMHB4In19fQ==&#8221; wd_z_index=&#8221;no&#8221;]\n\t\t<div id=\"wd-63887c15e2b68\" class=\"title-wrapper wd-wpb wd-set-mb reset-last-child  wd-rs-63887c15e2b68 wd-title-color-default wd-title-style-default text-left vc_custom_1669889048224 wd-underline-colored\">\n\t\t\t\n\t\t\t<div class=\"liner-continer\">\n\t\t\t\t<h3 class=\"woodmart-title-container title  wd-font-weight- wd-fontsize-xxxl\" >Contact us!<\/h3>\n\t\t\t\t\t\t\t<\/div>\n\t\t\t\n\t\t\t\n\t\t\t\n\t\t<\/div>\n\t\t\n\t\t\n<div class=\"wpcf7 no-js\" id=\"wpcf7-f685-o1\" lang=\"sv-SE\" dir=\"ltr\" data-wpcf7-id=\"685\">\n<div class=\"screen-reader-response\"><p role=\"status\" aria-live=\"polite\" aria-atomic=\"true\"><\/p> <ul><\/ul><\/div>\n<form action=\"\/en\/wp-json\/wp\/v2\/pages\/1353#wpcf7-f685-o1\" method=\"post\" class=\"wpcf7-form init\" aria-label=\"Kontaktformul\u00e4r\" novalidate=\"novalidate\" data-status=\"init\">\n<fieldset class=\"hidden-fields-container\"><input type=\"hidden\" name=\"_wpcf7\" value=\"685\" \/><input type=\"hidden\" name=\"_wpcf7_version\" value=\"6.1.5\" \/><input type=\"hidden\" name=\"_wpcf7_locale\" value=\"sv_SE\" \/><input type=\"hidden\" name=\"_wpcf7_unit_tag\" value=\"wpcf7-f685-o1\" \/><input type=\"hidden\" name=\"_wpcf7_container_post\" value=\"0\" \/><input type=\"hidden\" name=\"_wpcf7_posted_data_hash\" value=\"\" \/>\n<\/fieldset>\n<div class=\"row\">\n\t<p class=\"col-lg-12\">F\u00f6r fr\u00e5gor och bokningsf\u00f6rfr\u00e5gningar v\u00e4nligen kontakta oss p\u00e5: <a href=\"mailto:info@klapphagen.se\">info@klapphagen.se<\/a> eller anv\u00e4nd formul\u00e4ret nedan.\n\t<\/p>\n<\/div>\n<div class=\"row\">\n\t<p class=\"col-lg-6\">Namn<span class=\"wpcf7-form-control-wrap\" data-name=\"namn\"><input size=\"40\" maxlength=\"400\" class=\"wpcf7-form-control wpcf7-text wpcf7-validates-as-required\" aria-required=\"true\" aria-invalid=\"false\" placeholder=\"Namn\" value=\"\" type=\"text\" name=\"namn\" \/><\/span>\n\t<\/p>\n\t<p class=\"col-lg-6\">Telefon<span class=\"wpcf7-form-control-wrap\" data-name=\"telefon\"><input size=\"40\" maxlength=\"400\" class=\"wpcf7-form-control wpcf7-text wpcf7-validates-as-required\" aria-required=\"true\" aria-invalid=\"false\" placeholder=\"Telefon\" value=\"\" type=\"text\" name=\"telefon\" \/><\/span>\n\t<\/p>\n\t<p class=\"col-lg-6\">E-post<span class=\"wpcf7-form-control-wrap\" data-name=\"email-epost\"><input size=\"40\" maxlength=\"400\" class=\"wpcf7-form-control wpcf7-email wpcf7-validates-as-required wpcf7-text wpcf7-validates-as-email\" aria-required=\"true\" aria-invalid=\"false\" placeholder=\"E-post\" value=\"\" type=\"email\" name=\"email-epost\" \/><\/span>\n\t<\/p>\n\t<p class=\"col-lg-6\">\u00d6nskat datum<span class=\"wpcf7-form-control-wrap\" data-name=\"date-datum\"><input class=\"wpcf7-form-control wpcf7-date wpcf7-validates-as-date\" aria-invalid=\"false\" placeholder=\"\u00d6nskat datum\" value=\"\" type=\"date\" name=\"date-datum\" \/><\/span>\n\t<\/p>\n\t<p class=\"col-lg-6\">Antal g\u00e4ster<span class=\"wpcf7-form-control-wrap\" data-name=\"number-antal-gaster\"><input class=\"wpcf7-form-control wpcf7-number wpcf7-validates-as-number\" aria-invalid=\"false\" placeholder=\"Antal g\u00e4ster\" value=\"\" type=\"number\" name=\"number-antal-gaster\" \/><\/span>\n\t<\/p>\n\t<p class=\"col-lg-6\">Antal hotellrum<span class=\"wpcf7-form-control-wrap\" data-name=\"number-antal-rum\"><input class=\"wpcf7-form-control wpcf7-number wpcf7-validates-as-number\" aria-invalid=\"false\" placeholder=\"Antal hotellrum\" value=\"\" type=\"number\" name=\"number-antal-rum\" \/><\/span>\n\t<\/p>\n\t<p class=\"col-lg-6\">Hur vill ni bli kontaktade<span class=\"wpcf7-form-control-wrap\" data-name=\"hur-vill-ni-bli-kontaktade\"><input size=\"40\" maxlength=\"400\" class=\"wpcf7-form-control wpcf7-text\" aria-invalid=\"false\" placeholder=\"Hur vill ni bli kontaktade\" value=\"\" type=\"text\" name=\"hur-vill-ni-bli-kontaktade\" \/><\/span>\n\t<\/p>\n\t<p class=\"col-lg-6\">Program f\u00f6r dagen<span class=\"wpcf7-form-control-wrap\" data-name=\"program-for-dagen\"><input size=\"40\" maxlength=\"400\" class=\"wpcf7-form-control wpcf7-text\" aria-invalid=\"false\" placeholder=\"Program f\u00f6r dagen\" value=\"\" type=\"text\" name=\"program-for-dagen\" \/><\/span>\n\t<\/p>\n\t<p class=\"col-lg-auto\"><input class=\"wpcf7-form-control wpcf7-submit has-spinner btn btn-color-primary btn-style-default btn-style-rectangle btn-size-extra-large\" type=\"submit\" value=\"Skicka\" \/>\n\t<\/p>\n<\/div><div class=\"wpcf7-response-output\" aria-hidden=\"true\"><\/div>\n<\/form>\n<\/div>\n[\/vc_column_inner][\/vc_row_inner][\/vc_column][vc_column width=&#8221;1\/2&#8243; woodmart_bg_position=&#8221;center-center&#8221; css=&#8221;.vc_custom_1670507648305{padding-top: 25vh !important;padding-right: 0px !important;padding-bottom: 25vh !important;padding-left: 0px !important;background-image: url(https:\/\/www.klapphagen.se\/wp-content\/uploads\/2022\/10\/klapphagen-5-webb.jpg?id=28) !important;background-position: center !important;background-repeat: no-repeat !important;background-size: cover !important;}&#8221; woodmart_css_id=&#8221;6391ec7bd072a&#8221; parallax_scroll=&#8221;no&#8221; woodmart_sticky_column=&#8221;false&#8221; wd_collapsible_content_switcher=&#8221;no&#8221; wd_column_role_offcanvas_desktop=&#8221;no&#8221; wd_column_role_offcanvas_tablet=&#8221;no&#8221; wd_column_role_offcanvas_mobile=&#8221;no&#8221; wd_column_role_content_desktop=&#8221;no&#8221; wd_column_role_content_tablet=&#8221;no&#8221; wd_column_role_content_mobile=&#8221;no&#8221; mobile_bg_img_hidden=&#8221;no&#8221; tablet_bg_img_hidden=&#8221;no&#8221; woodmart_parallax=&#8221;0&#8243; woodmart_box_shadow=&#8221;no&#8221; responsive_spacing=&#8221;eyJwYXJhbV90eXBlIjoid29vZG1hcnRfcmVzcG9uc2l2ZV9zcGFjaW5nIiwic2VsZWN0b3JfaWQiOiI2MzkxZWM3YmQwNzJhIiwic2hvcnRjb2RlIjoidmNfY29sdW1uIiwiZGF0YSI6eyJ0YWJsZXQiOnt9LCJtb2JpbGUiOnt9fX0=&#8221; mobile_reset_margin=&#8221;no&#8221; tablet_reset_margin=&#8221;no&#8221; wd_z_index=&#8221;no&#8221;][\/vc_column][\/vc_row]<\/p>\n<\/div>","protected":false},"excerpt":{"rendered":"<p>[vc_row full_width=&#8221;stretch_row&#8221; content_placement=&#8221;middle&#8221; woodmart_bg_position=&#8221;center-center&#8221; css=&#8221;.vc_custom_1708529675121{background-image: url(https:\/\/www.klapphagen.se\/wp-content\/uploads\/2022\/10\/klapphagen-207-webb.jpg?id=37) !important;background-position: center !important;background-repeat: no-repeat !important;background-size: cover !important;}&#8221; woodmart_css_id=&#8221;65d61801ea312&#8243; responsive_spacing=&#8221;eyJwYXJhbV90eXBlIjoid29vZG1hcnRfcmVzcG9uc2l2ZV9zcGFjaW5nIiwic2VsZWN0b3JfaWQiOiI2NWQ2MTgwMWVhMzEyIiwic2hvcnRjb2RlIjoidmNfcm93IiwiZGF0YSI6eyJ0YWJsZXQiOnt9LCJtb2JpbGUiOnt9fX0=&#8221; mobile_bg_img_hidden=&#8221;no&#8221; tablet_bg_img_hidden=&#8221;no&#8221; woodmart_parallax=&#8221;0&#8243; woodmart_gradient_switch=&#8221;yes&#8221; woodmart_box_shadow=&#8221;no&#8221;<\/p>\n","protected":false},"author":2,"featured_media":0,"parent":1351,"menu_order":1,"comment_status":"closed","ping_status":"closed","template":"","meta":{"_acf_changed":false,"footnotes":""},"class_list":["post-1353","page","type-page","status-publish","hentry"],"acf":[],"yoast_head":"<!-- This site is optimized with the Yoast SEO plugin v27.1.1 - https:\/\/yoast.com\/product\/yoast-seo-wordpress\/ -->\n<title>Conference | Kl\u00e4pphagen Koster<\/title>\n<meta name=\"description\" content=\"Host your next meeting or conference at Kl\u00e4phagen. We offer a relaxed environment in a stunning nature.\" \/>\n<meta name=\"robots\" content=\"index, follow, max-snippet:-1, max-image-preview:large, max-video-preview:-1\" \/>\n<link rel=\"canonical\" href=\"https:\/\/www.klapphagen.se\/en\/event\/conference\/\" \/>\n<meta property=\"og:locale\" content=\"en_US\" \/>\n<meta property=\"og:type\" content=\"article\" \/>\n<meta property=\"og:title\" content=\"Conference | Kl\u00e4pphagen Koster\" \/>\n<meta property=\"og:description\" content=\"Host your next meeting or conference at Kl\u00e4phagen. We offer a relaxed environment in a stunning nature.\" \/>\n<meta property=\"og:url\" content=\"https:\/\/www.klapphagen.se\/en\/event\/conference\/\" \/>\n<meta property=\"og:site_name\" content=\"Kl\u00e4pphagen Koster\" \/>\n<meta property=\"article:publisher\" content=\"https:\/\/www.facebook.com\/klapphagen\" \/>\n<meta property=\"article:modified_time\" content=\"2024-02-21T15:35:07+00:00\" \/>\n<meta name=\"twitter:card\" content=\"summary_large_image\" \/>\n<meta name=\"twitter:label1\" content=\"Est. reading time\" \/>\n\t<meta name=\"twitter:data1\" content=\"3 minutes\" \/>\n<script type=\"application\/ld+json\" class=\"yoast-schema-graph\">{\"@context\":\"https:\/\/schema.org\",\"@graph\":[{\"@type\":\"WebPage\",\"@id\":\"https:\/\/www.klapphagen.se\/en\/event\/conference\/\",\"url\":\"https:\/\/www.klapphagen.se\/en\/event\/conference\/\",\"name\":\"Conference | Kl\u00e4pphagen Koster\",\"isPartOf\":{\"@id\":\"https:\/\/www.klapphagen.se\/en\/#website\"},\"datePublished\":\"2022-10-27T07:03:46+00:00\",\"dateModified\":\"2024-02-21T15:35:07+00:00\",\"description\":\"Host your next meeting or conference at Kl\u00e4phagen. We offer a relaxed environment in a stunning nature.\",\"breadcrumb\":{\"@id\":\"https:\/\/www.klapphagen.se\/en\/event\/conference\/#breadcrumb\"},\"inLanguage\":\"en-US\",\"potentialAction\":[{\"@type\":\"ReadAction\",\"target\":[\"https:\/\/www.klapphagen.se\/en\/event\/conference\/\"]}]},{\"@type\":\"BreadcrumbList\",\"@id\":\"https:\/\/www.klapphagen.se\/en\/event\/conference\/#breadcrumb\",\"itemListElement\":[{\"@type\":\"ListItem\",\"position\":1,\"name\":\"Hem\",\"item\":\"https:\/\/www.klapphagen.se\/en\/\"},{\"@type\":\"ListItem\",\"position\":2,\"name\":\"Party and events\",\"item\":\"https:\/\/www.klapphagen.se\/en\/party-event\/\"},{\"@type\":\"ListItem\",\"position\":3,\"name\":\"Conference\"}]},{\"@type\":\"WebSite\",\"@id\":\"https:\/\/www.klapphagen.se\/en\/#website\",\"url\":\"https:\/\/www.klapphagen.se\/en\/\",\"name\":\"Kl\u00e4pphagen Koster\",\"description\":\"\",\"publisher\":{\"@id\":\"https:\/\/www.klapphagen.se\/en\/#organization\"},\"potentialAction\":[{\"@type\":\"SearchAction\",\"target\":{\"@type\":\"EntryPoint\",\"urlTemplate\":\"https:\/\/www.klapphagen.se\/en\/?s={search_term_string}\"},\"query-input\":{\"@type\":\"PropertyValueSpecification\",\"valueRequired\":true,\"valueName\":\"search_term_string\"}}],\"inLanguage\":\"en-US\"},{\"@type\":\"Organization\",\"@id\":\"https:\/\/www.klapphagen.se\/en\/#organization\",\"name\":\"Kl\u00e4pphagen Koster\",\"url\":\"https:\/\/www.klapphagen.se\/en\/\",\"logo\":{\"@type\":\"ImageObject\",\"inLanguage\":\"en-US\",\"@id\":\"https:\/\/www.klapphagen.se\/en\/#\/schema\/logo\/image\/\",\"url\":\"https:\/\/www.klapphagen.se\/wp-content\/uploads\/2023\/01\/Svartvit-logga.jpg\",\"contentUrl\":\"https:\/\/www.klapphagen.se\/wp-content\/uploads\/2023\/01\/Svartvit-logga.jpg\",\"width\":472,\"height\":518,\"caption\":\"Kl\u00e4pphagen Koster\"},\"image\":{\"@id\":\"https:\/\/www.klapphagen.se\/en\/#\/schema\/logo\/image\/\"},\"sameAs\":[\"https:\/\/www.facebook.com\/klapphagen\",\"https:\/\/www.instagram.com\/klapphagenkoster\/\"]}]}<\/script>\n<!-- \/ Yoast SEO plugin. -->","yoast_head_json":{"title":"Conference | Kl\u00e4pphagen Koster","description":"Host your next meeting or conference at Kl\u00e4phagen. We offer a relaxed environment in a stunning nature.","robots":{"index":"index","follow":"follow","max-snippet":"max-snippet:-1","max-image-preview":"max-image-preview:large","max-video-preview":"max-video-preview:-1"},"canonical":"https:\/\/www.klapphagen.se\/en\/event\/conference\/","og_locale":"en_US","og_type":"article","og_title":"Conference | Kl\u00e4pphagen Koster","og_description":"Host your next meeting or conference at Kl\u00e4phagen. We offer a relaxed environment in a stunning nature.","og_url":"https:\/\/www.klapphagen.se\/en\/event\/conference\/","og_site_name":"Kl\u00e4pphagen Koster","article_publisher":"https:\/\/www.facebook.com\/klapphagen","article_modified_time":"2024-02-21T15:35:07+00:00","twitter_card":"summary_large_image","twitter_misc":{"Est. reading time":"3 minutes"},"schema":{"@context":"https:\/\/schema.org","@graph":[{"@type":"WebPage","@id":"https:\/\/www.klapphagen.se\/en\/event\/conference\/","url":"https:\/\/www.klapphagen.se\/en\/event\/conference\/","name":"Conference | Kl\u00e4pphagen Koster","isPartOf":{"@id":"https:\/\/www.klapphagen.se\/en\/#website"},"datePublished":"2022-10-27T07:03:46+00:00","dateModified":"2024-02-21T15:35:07+00:00","description":"Host your next meeting or conference at Kl\u00e4phagen. We offer a relaxed environment in a stunning nature.","breadcrumb":{"@id":"https:\/\/www.klapphagen.se\/en\/event\/conference\/#breadcrumb"},"inLanguage":"en-US","potentialAction":[{"@type":"ReadAction","target":["https:\/\/www.klapphagen.se\/en\/event\/conference\/"]}]},{"@type":"BreadcrumbList","@id":"https:\/\/www.klapphagen.se\/en\/event\/conference\/#breadcrumb","itemListElement":[{"@type":"ListItem","position":1,"name":"Hem","item":"https:\/\/www.klapphagen.se\/en\/"},{"@type":"ListItem","position":2,"name":"Party and events","item":"https:\/\/www.klapphagen.se\/en\/party-event\/"},{"@type":"ListItem","position":3,"name":"Conference"}]},{"@type":"WebSite","@id":"https:\/\/www.klapphagen.se\/en\/#website","url":"https:\/\/www.klapphagen.se\/en\/","name":"Kl\u00e4pphagen Koster","description":"","publisher":{"@id":"https:\/\/www.klapphagen.se\/en\/#organization"},"potentialAction":[{"@type":"SearchAction","target":{"@type":"EntryPoint","urlTemplate":"https:\/\/www.klapphagen.se\/en\/?s={search_term_string}"},"query-input":{"@type":"PropertyValueSpecification","valueRequired":true,"valueName":"search_term_string"}}],"inLanguage":"en-US"},{"@type":"Organization","@id":"https:\/\/www.klapphagen.se\/en\/#organization","name":"Kl\u00e4pphagen Koster","url":"https:\/\/www.klapphagen.se\/en\/","logo":{"@type":"ImageObject","inLanguage":"en-US","@id":"https:\/\/www.klapphagen.se\/en\/#\/schema\/logo\/image\/","url":"https:\/\/www.klapphagen.se\/wp-content\/uploads\/2023\/01\/Svartvit-logga.jpg","contentUrl":"https:\/\/www.klapphagen.se\/wp-content\/uploads\/2023\/01\/Svartvit-logga.jpg","width":472,"height":518,"caption":"Kl\u00e4pphagen Koster"},"image":{"@id":"https:\/\/www.klapphagen.se\/en\/#\/schema\/logo\/image\/"},"sameAs":["https:\/\/www.facebook.com\/klapphagen","https:\/\/www.instagram.com\/klapphagenkoster\/"]}]}},"_links":{"self":[{"href":"https:\/\/www.klapphagen.se\/en\/wp-json\/wp\/v2\/pages\/1353","targetHints":{"allow":["GET"]}}],"collection":[{"href":"https:\/\/www.klapphagen.se\/en\/wp-json\/wp\/v2\/pages"}],"about":[{"href":"https:\/\/www.klapphagen.se\/en\/wp-json\/wp\/v2\/types\/page"}],"author":[{"embeddable":true,"href":"https:\/\/www.klapphagen.se\/en\/wp-json\/wp\/v2\/users\/2"}],"replies":[{"embeddable":true,"href":"https:\/\/www.klapphagen.se\/en\/wp-json\/wp\/v2\/comments?post=1353"}],"version-history":[{"count":15,"href":"https:\/\/www.klapphagen.se\/en\/wp-json\/wp\/v2\/pages\/1353\/revisions"}],"predecessor-version":[{"id":3997,"href":"https:\/\/www.klapphagen.se\/en\/wp-json\/wp\/v2\/pages\/1353\/revisions\/3997"}],"up":[{"embeddable":true,"href":"https:\/\/www.klapphagen.se\/en\/wp-json\/wp\/v2\/pages\/1351"}],"wp:attachment":[{"href":"https:\/\/www.klapphagen.se\/en\/wp-json\/wp\/v2\/media?parent=1353"}],"curies":[{"name":"wp","href":"https:\/\/api.w.org\/{rel}","templated":true}]}}